{"id":810,"date":"2024-12-19T13:03:12","date_gmt":"2024-12-19T11:03:12","guid":{"rendered":"https:\/\/erotic-massaje.cz\/?page_id=810"},"modified":"2024-12-19T14:29:14","modified_gmt":"2024-12-19T12:29:14","slug":"about-us","status":"publish","type":"page","link":"https:\/\/erotic-massaje.cz\/cs\/about-us\/","title":{"rendered":"O n\u00e1s"},"content":{"rendered":"<p>V\u00edtejte ve sv\u011bt\u011b t\u011blesn\u00e9ho pot\u011b\u0161en\u00ed a du\u0161evn\u00ed harmonie.<\/p>\n\n\n\n<p>Na t\u00e9to str\u00e1nce se dozv\u00edte o mnoha typech erotick\u00fdch mas\u00e1\u017e\u00ed, jejich v\u00fdhod\u00e1ch a technik\u00e1ch. A samoz\u0159ejm\u011b zde najdete i katalog nejlep\u0161\u00edch erotick\u00fdch mas\u00e1\u017e\u00ed v \u010cR. Pokud jste turist\u00e9 v Praze, nebo jste zde na slu\u017eebn\u00ed cest\u011b, tento druh relaxace rozhodn\u011b stoj\u00ed za vyzkou\u0161en\u00ed, proto\u017ee je v \u010cR zcela leg\u00e1ln\u00ed.<\/p>\n\n\n\n<figure class=\"wp-block-image aligncenter size-full\"><img loading=\"lazy\" decoding=\"async\" width=\"1000\" height=\"667\" src=\"https:\/\/erotic-massaje.cz\/wp-content\/uploads\/2024\/12\/bdsm-massage-fenix-prague-1-optimized.webp\" alt=\"\" class=\"wp-image-773\" style=\"aspect-ratio:16\/9;object-fit:cover\" srcset=\"https:\/\/erotic-massaje.cz\/wp-content\/uploads\/2024\/12\/bdsm-massage-fenix-prague-1-optimized.webp 1000w, https:\/\/erotic-massaje.cz\/wp-content\/uploads\/2024\/12\/bdsm-massage-fenix-prague-1-optimized-300x200.webp 300w, https:\/\/erotic-massaje.cz\/wp-content\/uploads\/2024\/12\/bdsm-massage-fenix-prague-1-optimized-768x512.webp 768w, https:\/\/erotic-massaje.cz\/wp-content\/uploads\/2024\/12\/bdsm-massage-fenix-prague-1-optimized-18x12.webp 18w\" sizes=\"auto, (max-width: 1000px) 100vw, 1000px\" \/><\/figure>\n\n\n\n<p>Jak\u00e9 slu\u017eby poskytuj\u00ed erotick\u00e9 salony v Praze?<\/p>\n\n\n\n<p>Ka\u017ed\u00fd salon m\u00e1 sv\u00e9 speci\u00e1ln\u00ed podm\u00ednky a jedine\u010dn\u00e9 slu\u017eby, ale v ka\u017ed\u00e9m z nich je mo\u017en\u00e9 objednat \u0159adu senzac\u00ed.<\/p>\n\n\n\n<ol class=\"wp-block-list\">\n<li>Mas\u00edrujte dotykem klienta a mas\u00e9ra do v\u0161ech \u010d\u00e1st\u00ed t\u011bla pomoc\u00ed olej\u016f a gel\u016f.<\/li>\n\n\n\n<li>Mas\u00e1\u017e zam\u011b\u0159en\u00e1 na stimulaci nejv\u00edce erotogenn\u00edch z\u00f3n.<\/li>\n\n\n\n<li>T\u00e9m\u011b\u0159 ka\u017ed\u00fd salon nab\u00edz\u00ed sprchu p\u0159ed a po procedu\u0159e. Nav\u00edc to m\u016f\u017eete d\u011blat spole\u010dn\u011b s mas\u00e9rkou.<\/li>\n\n\n\n<li>Preventivn\u00ed l\u00e9\u010debn\u00e9 mas\u00e1\u017ee (mas\u00e1\u017e prostaty).<\/li>\n\n\n\n<li>BDSM- je speci\u00e1ln\u00ed typ mas\u00e1\u017ee, kter\u00e1 bude prov\u00e1d\u011bna podle va\u0161eho preferovan\u00e9ho pl\u00e1nu, s mo\u017enost\u00ed zm\u011bny rol\u00ed a s vyu\u017eit\u00edm v\u0161ech pot\u0159ebn\u00fdch atribut\u016f.<\/li>\n<\/ol>\n\n\n\n<figure class=\"wp-block-image aligncenter size-large\"><img loading=\"lazy\" decoding=\"async\" width=\"1024\" height=\"683\" src=\"https:\/\/erotic-massaje.cz\/wp-content\/uploads\/2024\/12\/Rabbit-Hall-2-1024x683.jpg\" alt=\"\" class=\"wp-image-737\" style=\"aspect-ratio:16\/9;object-fit:cover\" srcset=\"https:\/\/erotic-massaje.cz\/wp-content\/uploads\/2024\/12\/Rabbit-Hall-2-1024x683.jpg 1024w, https:\/\/erotic-massaje.cz\/wp-content\/uploads\/2024\/12\/Rabbit-Hall-2-300x200.jpg 300w, https:\/\/erotic-massaje.cz\/wp-content\/uploads\/2024\/12\/Rabbit-Hall-2-768x512.jpg 768w, https:\/\/erotic-massaje.cz\/wp-content\/uploads\/2024\/12\/Rabbit-Hall-2-18x12.jpg 18w, https:\/\/erotic-massaje.cz\/wp-content\/uploads\/2024\/12\/Rabbit-Hall-2.jpg 1200w\" sizes=\"auto, (max-width: 1024px) 100vw, 1024px\" \/><\/figure>\n\n\n\n<p>Pro \u010desk\u00e9 obyvatele je erotick\u00e1 mas\u00e1\u017e b\u011b\u017enou procedurou, ale pro turisty m\u016f\u017ee b\u00fdt n\u011b\u010d\u00edm nezn\u00e1m\u00fdm a zaj\u00edmav\u00fdm a z\u00e1rove\u0148 vyvolat ur\u010dit\u00e9 pochybnosti. Pom\u016f\u017eeme v\u00e1m je rozpt\u00fdlit a naj\u00edt to, co pot\u0159ebujete. Najdete zde seznam a podrobn\u00fd popis nejobl\u00edben\u011bj\u0161\u00edch druh\u016f erotick\u00e9 mas\u00e1\u017ee. A pro va\u0161i d\u016fv\u011bru je zde hlavn\u00ed seznam krit\u00e9ri\u00ed, kter\u00e1 by m\u011bl m\u00edt ka\u017ed\u00fd profesion\u00e1ln\u00ed eromas\u00e1\u017en\u00ed salon:<\/p>\n\n\n\n<ul class=\"wp-block-list\">\n<li>Administrativa mus\u00ed zajistit naprostou d\u016fv\u011brnost klienta nejen b\u011bhem n\u00e1v\u0161t\u011bvy, ale i po n\u00ed \u2013 v\u0161echny presti\u017en\u00ed salony se staraj\u00ed o to, aby zde nez\u016fstaly \u017e\u00e1dn\u00e9 \u201estopy\u201c po va\u0161em pobytu \u2013 \u017e\u00e1dn\u00e9 telefon\u00e1ty ani dopisy, uzav\u0159en\u00e9 m\u00edstnosti a vchody, kter\u00e9 v\u00e1m br\u00e1n\u00ed v setk\u00e1n\u00ed s dal\u0161\u00edmi klienty.<\/li>\n\n\n\n<li>Pokud je to dobr\u00fd salon, v\u0161ichni jeho profesion\u00e1lov\u00e9, kte\u0159\u00ed poskytuj\u00ed slu\u017eby v erotick\u00fdch mas\u00e1\u017en\u00edch salonech, proch\u00e1zej\u00ed speci\u00e1ln\u00edm \u0161kolen\u00edm, pe\u010dliv\u011b studuj\u00ed ka\u017edou techniku ka\u017ed\u00e9ho typu mas\u00e1\u017ee a neust\u00e1le se zlep\u0161uj\u00ed. A spr\u00e1va je samoz\u0159ejm\u011b povinna p\u0159edlo\u017eit ur\u010dit\u00e9 dokumenty, kter\u00e9 to potvrzuj\u00ed.<\/li>\n\n\n\n<li>Tak\u00e9 ka\u017ed\u00fd ofici\u00e1ln\u00ed salon je povinen m\u00edt ur\u010dit\u00e1 povolen\u00ed a p\u0159\u00edsn\u011b dodr\u017eovat pravidla sanitace a hygieny. V\u0161echny jednotliv\u00e9 polo\u017eky, jako je lo\u017en\u00ed pr\u00e1dlo a ru\u010dn\u00edky, mus\u00ed b\u00fdt upraven\u00e9 a \u010dist\u00e9.<\/li>\n<\/ul>\n\n\n\n<p>Abyste se ujistili, \u017ee konkr\u00e9tn\u00ed salon poskytuje kvalitn\u00ed slu\u017eby a dodr\u017euje v\u0161echna pravidla a p\u0159edpisy, m\u016f\u017eete si p\u0159e\u010d\u00edst recenze z\u00e1kazn\u00edk\u016f.<\/p>\n\n\n\n<p>Velmi d\u016fle\u017eitou sou\u010d\u00e1st\u00ed \u00fasp\u011b\u0161n\u00e9ho sezen\u00ed je spojen\u00ed mezi klientem a mas\u00e9rkou. Erotick\u00e1 mas\u00e1\u017e zahrnuje nejen fyzick\u00fd kontakt, ale tak\u00e9<br>emocion\u00e1ln\u00ed komunikace. Prohl\u00e9dn\u011bte si n\u00e1\u0161 katalog mas\u00e9rek s fotografiemi a kr\u00e1tk\u00fdm \u017eivotopisem a vyberte si tu nejlep\u0161\u00ed pro v\u00e1s.<\/p>\n\n\n\n<p>Pono\u0159te se s n\u00e1mi do oce\u00e1nu z\u00e1bavy a sledujte aktualizace na webu.<\/p>","protected":false},"excerpt":{"rendered":"<p>V\u00edtejte ve sv\u011bt\u011b t\u011blesn\u00e9ho pot\u011b\u0161en\u00ed a du\u0161evn\u00ed harmonie. Na t\u00e9to str\u00e1nce se dozv\u00edte o mnoha typech erotick\u00fdch mas\u00e1\u017e\u00ed, jejich v\u00fdhod\u00e1ch a technik\u00e1ch. A samoz\u0159ejm\u011b zde najdete i katalog nejlep\u0161\u00edch erotick\u00fdch mas\u00e1\u017e\u00ed v \u010cR. Pokud jste turista v Praze, nebo pokud [\u2026]<\/p>","protected":false},"author":2,"featured_media":792,"parent":0,"menu_order":0,"comment_status":"closed","ping_status":"closed","template":"","meta":{"_uag_custom_page_level_css":"","site-sidebar-layout":"default","site-content-layout":"","ast-site-content-layout":"default","site-content-style":"default","site-sidebar-style":"default","ast-global-header-display":"","ast-banner-title-visibility":"","ast-main-header-display":"","ast-hfb-above-header-display":"","ast-hfb-below-header-display":"","ast-hfb-mobile-header-display":"","site-post-title":"","ast-breadcrumbs-content":"","ast-featured-img":"","footer-sml-layout":"","theme-transparent-header-meta":"","adv-header-id-meta":"","stick-header-meta":"","header-above-stick-meta":"","header-main-stick-meta":"","header-below-stick-meta":"","astra-migrate-meta-layouts":"set","ast-page-background-enabled":"default","ast-page-background-meta":{"desktop":{"background-color":"","background-image":"","background-repeat":"repeat","background-position":"center center","background-size":"auto","background-attachment":"scroll","background-type":"","background-media":"","overlay-type":"","overlay-color":"","overlay-opacity":"","overlay-gradient":""},"tablet":{"background-color":"","background-image":"","background-repeat":"repeat","background-position":"center center","background-size":"auto","background-attachment":"scroll","background-type":"","background-media":"","overlay-type":"","overlay-color":"","overlay-opacity":"","overlay-gradient":""},"mobile":{"background-color":"","background-image":"","background-repeat":"repeat","background-position":"center center","background-size":"auto","background-attachment":"scroll","background-type":"","background-media":"","overlay-type":"","overlay-color":"","overlay-opacity":"","overlay-gradient":""}},"ast-content-background-meta":{"desktop":{"background-color":"var(--ast-global-color-5)","background-image":"","background-repeat":"repeat","background-position":"center center","background-size":"auto","background-attachment":"scroll","background-type":"","background-media":"","overlay-type":"","overlay-color":"","overlay-opacity":"","overlay-gradient":""},"tablet":{"background-color":"var(--ast-global-color-5)","background-image":"","background-repeat":"repeat","background-position":"center center","background-size":"auto","background-attachment":"scroll","background-type":"","background-media":"","overlay-type":"","overlay-color":"","overlay-opacity":"","overlay-gradient":""},"mobile":{"background-color":"var(--ast-global-color-5)","background-image":"","background-repeat":"repeat","background-position":"center center","background-size":"auto","background-attachment":"scroll","background-type":"","background-media":"","overlay-type":"","overlay-color":"","overlay-opacity":"","overlay-gradient":""}},"footnotes":""},"class_list":["post-810","page","type-page","status-publish","has-post-thumbnail","hentry"],"rankMath":{"parentDomain":"erotic-massaje.cz","noFollowDomains":[],"noFollowExcludeDomains":[],"noFollowExternalLinks":false,"featuredImageNotice":"Doporu\u010den\u00fd obr\u00e1zek by m\u011bl b\u00fdt alespo\u0148 200 x 200 pixel\u016f, aby jej bylo mo\u017en\u00e9 zachytit na Facebooku a na jin\u00fdch soci\u00e1ln\u00edch s\u00edt\u00edch.","pluginReviewed":false,"postSettings":{"linkSuggestions":true,"useFocusKeyword":false},"frontEndScore":false,"postName":"about-us","permalinkFormat":"https:\/\/erotic-massaje.cz\/cs\/%pagename%\/","showLockModifiedDate":true,"assessor":{"focusKeywordLink":"https:\/\/erotic-massaje.cz\/wp-admin\/edit.php?focus_keyword=%focus_keyword%&post_type=%post_type%","hasTOCPlugin":false,"primaryTaxonomy":false,"serpData":{"title":"About Us - Expert Erotic Massage Services in Prague","description":"Discover our story and expertise in offering the best erotic massage services in Prague, ensuring relaxation and complete confidentiality.","focusKeywords":"about us,erotic massage,Prague services,relaxation,professional massage","pillarContent":false,"canonicalUrl":"","breadcrumbTitle":"","advancedRobots":[],"facebookTitle":"","facebookDescription":"","facebookImage":"","facebookImageID":"","facebookHasOverlay":false,"facebookImageOverlay":"","facebookAuthor":"","twitterCardType":"","twitterUseFacebook":true,"twitterTitle":"","twitterDescription":"","twitterImage":"","twitterImageID":"","twitterHasOverlay":false,"twitterImageOverlay":"","twitterPlayerUrl":"","twitterPlayerSize":"","twitterPlayerStream":"","twitterPlayerStreamCtype":"","twitterAppDescription":"","twitterAppIphoneName":"","twitterAppIphoneID":"","twitterAppIphoneUrl":"","twitterAppIpadName":"","twitterAppIpadID":"","twitterAppIpadUrl":"","twitterAppGoogleplayName":"","twitterAppGoogleplayID":"","twitterAppGoogleplayUrl":"","twitterAppCountry":"","robots":{"index":true},"twitterAuthor":"u\u017eivatelsk\u00e9 jm\u00e9no","primaryTerm":0,"authorName":"massaje","titleTemplate":"%title% %sep% %sitename%","descriptionTemplate":"%excerpt%","showScoreFrontend":true,"lockModifiedDate":false},"powerWords":[],"diacritics":{"A":"[\\u0041\\u24B6\\uFF21\\u00C0\\u00C1\\u00C2\\u1EA6\\u1EA4\\u1EAA\\u1EA8\\u00C3\\u0100\\u0102\\u1EB0\\u1EAE\\u1EB4\\u1EB2\\u0226\\u01E0\\u00C4\\u01DE\\u1EA2\\u00C5\\u01FA\\u01CD\\u0200\\u0202\\u1EA0\\u1EAC\\u1EB6\\u1E00\\u0104\\u023A\\u2C6F]","AA":"[\\uA732]","AE":"[\\u00C6\\u01FC\\u01E2]","AO":"[\\uA734]","AU":"[\\uA736]","AV":"[\\uA738\\uA73A]","AY":"[\\uA73C]","B":"[\\u0042\\u24B7\\uFF22\\u1E02\\u1E04\\u1E06\\u0243\\u0182\\u0181]","C":"[\\u0043\\u24B8\\uFF23\\u0106\\u0108\\u010A\\u010C\\u00C7\\u1E08\\u0187\\u023B\\uA73E]","D":"[\\u0044\\u24B9\\uFF24\\u1E0A\\u010E\\u1E0C\\u1E10\\u1E12\\u1E0E\\u0110\\u018B\\u018A\\u0189\\uA779]","DZ":"[\\u01F1\\u01C4]","Dz":"[\\u01F2\\u01C5]","E":"[\\u0045\\u24BA\\uFF25\\u00C8\\u00C9\\u00CA\\u1EC0\\u1EBE\\u1EC4\\u1EC2\\u1EBC\\u0112\\u1E14\\u1E16\\u0114\\u0116\\u00CB\\u1EBA\\u011A\\u0204\\u0206\\u1EB8\\u1EC6\\u0228\\u1E1C\\u0118\\u1E18\\u1E1A\\u0190\\u018E]","F":"[\\u0046\\u24BB\\uFF26\\u1E1E\\u0191\\uA77B]","G":"[\\u0047\\u24BC\\uFF27\\u01F4\\u011C\\u1E20\\u011E\\u0120\\u01E6\\u0122\\u01E4\\u0193\\uA7A0\\uA77D\\uA77E]","H":"[\\u0048\\u24BD\\uFF28\\u0124\\u1E22\\u1E26\\u021E\\u1E24\\u1E28\\u1E2A\\u0126\\u2C67\\u2C75\\uA78D]","I":"[\\u0049\\u24BE\\uFF29\\u00CC\\u00CD\\u00CE\\u0128\\u012A\\u012C\\u0130\\u00CF\\u1E2E\\u1EC8\\u01CF\\u0208\\u020A\\u1ECA\\u012E\\u1E2C\\u0197]","J":"[\\u004A\\u24BF\\uFF2A\\u0134\\u0248]","K":"[\\u004B\\u24C0\\uFF2B\\u1E30\\u01E8\\u1E32\\u0136\\u1E34\\u0198\\u2C69\\uA740\\uA742\\uA744\\uA7A2]","L":"[\\u004C\\u24C1\\uFF2C\\u013F\\u0139\\u013D\\u1E36\\u1E38\\u013B\\u1E3C\\u1E3A\\u0141\\u023D\\u2C62\\u2C60\\uA748\\uA746\\uA780]","LJ":"[\\u01C7]","Lj":"[\\u01C8]","M":"[\\u004D\\u24C2\\uFF2D\\u1E3E\\u1E40\\u1E42\\u2C6E\\u019C]","N":"[\\u004E\\u24C3\\uFF2E\\u01F8\\u0143\\u00D1\\u1E44\\u0147\\u1E46\\u0145\\u1E4A\\u1E48\\u0220\\u019D\\uA790\\uA7A4]","NJ":"[\\u01CA]","Nj":"[\\u01CB]","O":"[\\u004F\\u24C4\\uFF2F\\u00D2\\u00D3\\u00D4\\u1ED2\\u1ED0\\u1ED6\\u1ED4\\u00D5\\u1E4C\\u022C\\u1E4E\\u014C\\u1E50\\u1E52\\u014E\\u022E\\u0230\\u00D6\\u022A\\u1ECE\\u0150\\u01D1\\u020C\\u020E\\u01A0\\u1EDC\\u1EDA\\u1EE0\\u1EDE\\u1EE2\\u1ECC\\u1ED8\\u01EA\\u01EC\\u00D8\\u01FE\\u0186\\u019F\\uA74A\\uA74C]","OI":"[\\u01A2]","OO":"[\\uA74E]","OU":"[\\u0222]","P":"[\\u0050\\u24C5\\uFF30\\u1E54\\u1E56\\u01A4\\u2C63\\uA750\\uA752\\uA754]","Q":"[\\u0051\\u24C6\\uFF31\\uA756\\uA758\\u024A]","R":"[\\u0052\\u24C7\\uFF32\\u0154\\u1E58\\u0158\\u0210\\u0212\\u1E5A\\u1E5C\\u0156\\u1E5E\\u024C\\u2C64\\uA75A\\uA7A6\\uA782]","S":"[\\u0053\\u24C8\\uFF33\\u1E9E\\u015A\\u1E64\\u015C\\u1E60\\u0160\\u1E66\\u1E62\\u1E68\\u0218\\u015E\\u2C7E\\uA7A8\\uA784]","T":"[\\u0054\\u24C9\\uFF34\\u1E6A\\u0164\\u1E6C\\u021A\\u0162\\u1E70\\u1E6E\\u0166\\u01AC\\u01AE\\u023E\\uA786]","TZ":"[\\uA728]","U":"[\\u0055\\u24CA\\uFF35\\u00D9\\u00DA\\u00DB\\u0168\\u1E78\\u016A\\u1E7A\\u016C\\u00DC\\u01DB\\u01D7\\u01D5\\u01D9\\u1EE6\\u016E\\u0170\\u01D3\\u0214\\u0216\\u01AF\\u1EEA\\u1EE8\\u1EEE\\u1EEC\\u1EF0\\u1EE4\\u1E72\\u0172\\u1E76\\u1E74\\u0244]","V":"[\\u0056\\u24CB\\uFF36\\u1E7C\\u1E7E\\u01B2\\uA75E\\u0245]","VY":"[\\uA760]","W":"[\\u0057\\u24CC\\uFF37\\u1E80\\u1E82\\u0174\\u1E86\\u1E84\\u1E88\\u2C72]","X":"[\\u0058\\u24CD\\uFF38\\u1E8A\\u1E8C]","Y":"[\\u0059\\u24CE\\uFF39\\u1EF2\\u00DD\\u0176\\u1EF8\\u0232\\u1E8E\\u0178\\u1EF6\\u1EF4\\u01B3\\u024E\\u1EFE]","Z":"[\\u005A\\u24CF\\uFF3A\\u0179\\u1E90\\u017B\\u017D\\u1E92\\u1E94\\u01B5\\u0224\\u2C7F\\u2C6B\\uA762]","a":"[\\u0061\\u24D0\\uFF41\\u1E9A\\u00E0\\u00E1\\u00E2\\u1EA7\\u1EA5\\u1EAB\\u1EA9\\u00E3\\u0101\\u0103\\u1EB1\\u1EAF\\u1EB5\\u1EB3\\u0227\\u01E1\\u00E4\\u01DF\\u1EA3\\u00E5\\u01FB\\u01CE\\u0201\\u0203\\u1EA1\\u1EAD\\u1EB7\\u1E01\\u0105\\u2C65\\u0250]","aa":"[\\uA733]","ae":"[\\u00E6\\u01FD\\u01E3]","ao":"[\\uA735]","au":"[\\uA737]","av":"[\\uA739\\uA73B]","ay":"[\\uA73D]","b":"[\\u0062\\u24D1\\uFF42\\u1E03\\u1E05\\u1E07\\u0180\\u0183\\u0253]","c":"[\\u0063\\u24D2\\uFF43\\u0107\\u0109\\u010B\\u010D\\u00E7\\u1E09\\u0188\\u023C\\uA73F\\u2184]","d":"[\\u0064\\u24D3\\uFF44\\u1E0B\\u010F\\u1E0D\\u1E11\\u1E13\\u1E0F\\u0111\\u018C\\u0256\\u0257\\uA77A]","dz":"[\\u01F3\\u01C6]","e":"[\\u0065\\u24D4\\uFF45\\u00E8\\u00E9\\u00EA\\u1EC1\\u1EBF\\u1EC5\\u1EC3\\u1EBD\\u0113\\u1E15\\u1E17\\u0115\\u0117\\u00EB\\u1EBB\\u011B\\u0205\\u0207\\u1EB9\\u1EC7\\u0229\\u1E1D\\u0119\\u1E19\\u1E1B\\u0247\\u025B\\u01DD]","f":"[\\u0066\\u24D5\\uFF46\\u1E1F\\u0192\\uA77C]","g":"[\\u0067\\u24D6\\uFF47\\u01F5\\u011D\\u1E21\\u011F\\u0121\\u01E7\\u0123\\u01E5\\u0260\\uA7A1\\u1D79\\uA77F]","h":"[\\u0068\\u24D7\\uFF48\\u0125\\u1E23\\u1E27\\u021F\\u1E25\\u1E29\\u1E2B\\u1E96\\u0127\\u2C68\\u2C76\\u0265]","hv":"[\\u0195]","i":"[\\u0069\\u24D8\\uFF49\\u00EC\\u00ED\\u00EE\\u0129\\u012B\\u012D\\u00EF\\u1E2F\\u1EC9\\u01D0\\u0209\\u020B\\u1ECB\\u012F\\u1E2D\\u0268\\u0131]","j":"[\\u006A\\u24D9\\uFF4A\\u0135\\u01F0\\u0249]","k":"[\\u006B\\u24DA\\uFF4B\\u1E31\\u01E9\\u1E33\\u0137\\u1E35\\u0199\\u2C6A\\uA741\\uA743\\uA745\\uA7A3]","l":"[\\u006C\\u24DB\\uFF4C\\u0140\\u013A\\u013E\\u1E37\\u1E39\\u013C\\u1E3D\\u1E3B\\u017F\\u0142\\u019A\\u026B\\u2C61\\uA749\\uA781\\uA747]","lj":"[\\u01C9]","m":"[\\u006D\\u24DC\\uFF4D\\u1E3F\\u1E41\\u1E43\\u0271\\u026F]","n":"[\\u006E\\u24DD\\uFF4E\\u01F9\\u0144\\u00F1\\u1E45\\u0148\\u1E47\\u0146\\u1E4B\\u1E49\\u019E\\u0272\\u0149\\uA791\\uA7A5]","nj":"[\\u01CC]","o":"[\\u006F\\u24DE\\uFF4F\\u00F2\\u00F3\\u00F4\\u1ED3\\u1ED1\\u1ED7\\u1ED5\\u00F5\\u1E4D\\u022D\\u1E4F\\u014D\\u1E51\\u1E53\\u014F\\u022F\\u0231\\u00F6\\u022B\\u1ECF\\u0151\\u01D2\\u020D\\u020F\\u01A1\\u1EDD\\u1EDB\\u1EE1\\u1EDF\\u1EE3\\u1ECD\\u1ED9\\u01EB\\u01ED\\u00F8\\u01FF\\u0254\\uA74B\\uA74D\\u0275]","oi":"[\\u01A3]","ou":"[\\u0223]","oo":"[\\uA74F]","p":"[\\u0070\\u24DF\\uFF50\\u1E55\\u1E57\\u01A5\\u1D7D\\uA751\\uA753\\uA755]","q":"[\\u0071\\u24E0\\uFF51\\u024B\\uA757\\uA759]","r":"[\\u0072\\u24E1\\uFF52\\u0155\\u1E59\\u0159\\u0211\\u0213\\u1E5B\\u1E5D\\u0157\\u1E5F\\u024D\\u027D\\uA75B\\uA7A7\\uA783]","s":"[\\u0073\\u24E2\\uFF53\\u015B\\u1E65\\u015D\\u1E61\\u0161\\u1E67\\u1E63\\u1E69\\u0219\\u015F\\u023F\\uA7A9\\uA785\\u1E9B]","ss":"[\\u00DF]","t":"[\\u0074\\u24E3\\uFF54\\u1E6B\\u1E97\\u0165\\u1E6D\\u021B\\u0163\\u1E71\\u1E6F\\u0167\\u01AD\\u0288\\u2C66\\uA787]","tz":"[\\uA729]","u":"[\\u0075\\u24E4\\uFF55\\u00F9\\u00FA\\u00FB\\u0169\\u1E79\\u016B\\u1E7B\\u016D\\u00FC\\u01DC\\u01D8\\u01D6\\u01DA\\u1EE7\\u016F\\u0171\\u01D4\\u0215\\u0217\\u01B0\\u1EEB\\u1EE9\\u1EEF\\u1EED\\u1EF1\\u1EE5\\u1E73\\u0173\\u1E77\\u1E75\\u0289]","v":"[\\u0076\\u24E5\\uFF56\\u1E7D\\u1E7F\\u028B\\uA75F\\u028C]","vy":"[\\uA761]","w":"[\\u0077\\u24E6\\uFF57\\u1E81\\u1E83\\u0175\\u1E87\\u1E85\\u1E98\\u1E89\\u2C73]","x":"[\\u0078\\u24E7\\uFF58\\u1E8B\\u1E8D]","y":"[\\u0079\\u24E8\\uFF59\\u1EF3\\u00FD\\u0177\\u1EF9\\u0233\\u1E8F\\u00FF\\u1EF7\\u1E99\\u1EF5\\u01B4\\u024F\\u1EFF]","z":"[\\u007A\\u24E9\\uFF5A\\u017A\\u1E91\\u017C\\u017E\\u1E93\\u1E95\\u01B6\\u0225\\u0240\\u2C6C\\uA763]"},"researchesTests":["contentHasTOC","contentHasShortParagraphs","contentHasAssets","keywordInTitle","keywordInMetaDescription","keywordInPermalink","keywordIn10Percent","keywordInContent","keywordInSubheadings","keywordInImageAlt","keywordDensity","keywordNotUsed","lengthContent","lengthPermalink","linksHasInternal","linksHasExternals","linksNotAllExternals","titleStartWithKeyword","titleSentiment","titleHasPowerWords","titleHasNumber","hasContentAI"],"hasRedirection":true,"hasBreadcrumb":true},"homeUrl":"https:\/\/erotic-massaje.cz\/cs","objectID":810,"objectType":"post","locale":"cs","localeFull":"cs_CZ","overlayImages":{"play":{"name":"Ikona p\u0159ehr\u00e1v\u00e1n\u00ed","url":"https:\/\/erotic-massaje.cz\/wp-content\/plugins\/seo-by-rank-math\/assets\/admin\/img\/icon-play.png","path":"\/var\/www\/dd957fa2-4966-4c7a-92b6-66011dbd06f6\/public_html\/wp-content\/plugins\/seo-by-rank-math\/assets\/admin\/img\/icon-play.png","position":"middle_center"},"gif":{"name":"GIF ikona","url":"https:\/\/erotic-massaje.cz\/wp-content\/plugins\/seo-by-rank-math\/assets\/admin\/img\/icon-gif.png","path":"\/var\/www\/dd957fa2-4966-4c7a-92b6-66011dbd06f6\/public_html\/wp-content\/plugins\/seo-by-rank-math\/assets\/admin\/img\/icon-gif.png","position":"middle_center"}},"defautOgImage":"https:\/\/erotic-massaje.cz\/wp-content\/plugins\/seo-by-rank-math\/assets\/admin\/img\/social-placeholder.jpg","customPermalinks":true,"isUserRegistered":false,"autoSuggestKeywords":false,"connectSiteUrl":"https:\/\/rankmath.com\/auth?site=https%3A%2F%2Ferotic-massaje.cz%2Fcs&r=https%3A%2F%2Ferotic-massaje.cz%2Fcs%2Fwp-json%2Fwp%2Fv2%2Fpages%2F810%3Fnonce%3D29a88e0220","maxTags":5,"trendsIcon":"<svg viewBox=\"0 0 610 610\"><path d=\"M18.85,446,174.32,290.48l58.08,58.08L76.93,504a14.54,14.54,0,0,1-20.55,0L18.83,466.48a14.54,14.54,0,0,1,0-20.55Z\" style=\"fill:#4285f4\"\/><path d=\"M242.65,242.66,377.59,377.6l-47.75,47.75a14.54,14.54,0,0,1-20.55,0L174.37,290.43l47.75-47.75A14.52,14.52,0,0,1,242.65,242.66Z\" style=\"fill:#ea4335\"\/><polygon points=\"319.53 319.53 479.26 159.8 537.34 217.88 377.61 377.62 319.53 319.53\" style=\"fill:#fabb05\"\/><path d=\"M594.26,262.73V118.61h0a16.94,16.94,0,0,0-16.94-16.94H433.2a16.94,16.94,0,0,0-12,28.92L565.34,274.71h0a16.94,16.94,0,0,0,28.92-12Z\" style=\"fill:#34a853\"\/><rect width=\"610\" height=\"610\" style=\"fill:none\"\/><\/svg>","showScore":true,"siteFavIcon":"https:\/\/erotic-massaje.cz\/wp-content\/uploads\/2024\/11\/cropped-logo_massage-32x32.png","canUser":{"general":false,"advanced":false,"snippet":false,"social":false,"analysis":false,"analytics":false,"content_ai":false},"isPro":false,"is_front_page":false,"trendsUpgradeLink":"https:\/\/rankmath.com\/pricing\/?utm_source=Plugin&utm_medium=CE%20General%20Tab%20Trends&utm_campaign=WP","trendsUpgradeLabel":"Upgradovat","trendsPreviewImage":"https:\/\/erotic-massaje.cz\/wp-content\/plugins\/seo-by-rank-math\/assets\/admin\/img\/trends-preview.jpg","currentEditor":false,"homepageData":{"assessor":{"powerWords":[],"diacritics":true,"researchesTests":["contentHasTOC","contentHasShortParagraphs","contentHasAssets","keywordInTitle","keywordInMetaDescription","keywordInPermalink","keywordIn10Percent","keywordInContent","keywordInSubheadings","keywordInImageAlt","keywordDensity","keywordNotUsed","lengthContent","lengthPermalink","linksHasInternal","linksHasExternals","linksNotAllExternals","titleStartWithKeyword","titleSentiment","titleHasPowerWords","titleHasNumber","hasContentAI"],"hasBreadcrumb":true,"serpData":{"title":"%sitename% %page% %sep% %sitedesc%","description":"","titleTemplate":"%sitename% %page% %sep% %sitedesc%","descriptionTemplate":"","focusKeywords":"","breadcrumbTitle":"Home","robots":{"index":true},"advancedRobots":[],"facebookTitle":"","facebookDescription":"","facebookImage":"","facebookImageID":""}}},"tocTitle":"Table of Contents","tocExcludeHeadings":[],"listStyle":"ul"},"uagb_featured_image_src":{"full":["https:\/\/erotic-massaje.cz\/wp-content\/uploads\/2024\/12\/Luxury-Grand-1.jpg",1200,800,false],"thumbnail":["https:\/\/erotic-massaje.cz\/wp-content\/uploads\/2024\/12\/Luxury-Grand-1-150x150.jpg",150,150,true],"medium":["https:\/\/erotic-massaje.cz\/wp-content\/uploads\/2024\/12\/Luxury-Grand-1-300x200.jpg",300,200,true],"medium_large":["https:\/\/erotic-massaje.cz\/wp-content\/uploads\/2024\/12\/Luxury-Grand-1-768x512.jpg",768,512,true],"large":["https:\/\/erotic-massaje.cz\/wp-content\/uploads\/2024\/12\/Luxury-Grand-1-1024x683.jpg",1024,683,true],"1536x1536":["https:\/\/erotic-massaje.cz\/wp-content\/uploads\/2024\/12\/Luxury-Grand-1.jpg",1200,800,false],"2048x2048":["https:\/\/erotic-massaje.cz\/wp-content\/uploads\/2024\/12\/Luxury-Grand-1.jpg",1200,800,false],"trp-custom-language-flag":["https:\/\/erotic-massaje.cz\/wp-content\/uploads\/2024\/12\/Luxury-Grand-1-18x12.jpg",18,12,true]},"uagb_author_info":{"display_name":"massaje","author_link":"https:\/\/erotic-massaje.cz\/cs\/author\/massaje\/"},"uagb_comment_info":0,"uagb_excerpt":"Welcome to the world of bodily pleasure and mental harmony. On this site you will learn about the many types of erotic massage, their benefits and techniques. And, of course, you will also find a catalog of the best erotic massage parlors in the Czech Republic. If you are a tourist in Prague, or if&hellip;","_links":{"self":[{"href":"https:\/\/erotic-massaje.cz\/cs\/wp-json\/wp\/v2\/pages\/810","targetHints":{"allow":["GET"]}}],"collection":[{"href":"https:\/\/erotic-massaje.cz\/cs\/wp-json\/wp\/v2\/pages"}],"about":[{"href":"https:\/\/erotic-massaje.cz\/cs\/wp-json\/wp\/v2\/types\/page"}],"author":[{"embeddable":true,"href":"https:\/\/erotic-massaje.cz\/cs\/wp-json\/wp\/v2\/users\/2"}],"replies":[{"embeddable":true,"href":"https:\/\/erotic-massaje.cz\/cs\/wp-json\/wp\/v2\/comments?post=810"}],"version-history":[{"count":2,"href":"https:\/\/erotic-massaje.cz\/cs\/wp-json\/wp\/v2\/pages\/810\/revisions"}],"predecessor-version":[{"id":841,"href":"https:\/\/erotic-massaje.cz\/cs\/wp-json\/wp\/v2\/pages\/810\/revisions\/841"}],"wp:featuredmedia":[{"embeddable":true,"href":"https:\/\/erotic-massaje.cz\/cs\/wp-json\/wp\/v2\/media\/792"}],"wp:attachment":[{"href":"https:\/\/erotic-massaje.cz\/cs\/wp-json\/wp\/v2\/media?parent=810"}],"curies":[{"name":"wp","href":"https:\/\/api.w.org\/{rel}","templated":true}]}}